{"id":1273,"date":"2021-07-17T16:20:27","date_gmt":"2021-07-17T16:20:27","guid":{"rendered":"https:\/\/www.pragmar.net\/sand-blast-y-pintura\/?page_id=1273"},"modified":"2021-07-19T03:01:52","modified_gmt":"2021-07-19T03:01:52","slug":"servicios-de-sand-blast","status":"publish","type":"page","link":"https:\/\/www.pragmar.net\/sand-blast-y-pintura\/servicios-de-sand-blast\/","title":{"rendered":"Servicios de Sand Blast"},"content":{"rendered":"\t\t<div data-elementor-type=\"wp-page\" data-elementor-id=\"1273\" class=\"elementor elementor-1273\" data-elementor-settings=\"[]\">\n\t\t\t\t\t\t\t<div class=\"elementor-section-wrap\">\n\t\t\t\t\t\t\t<section class=\"elementor-section elementor-top-section elementor-element elementor-element-2239960 elementor-section-boxed elementor-section-height-default elementor-section-height-default\" data-id=\"2239960\" data-element_type=\"section\">\n\t\t\t\t\t\t<div class=\"elementor-container elementor-column-gap-default\">\n\t\t\t\t\t<div class=\"elementor-column elementor-col-100 elementor-top-column elementor-element elementor-element-4da2ec3\" data-id=\"4da2ec3\" data-element_type=\"column\">\n\t\t\t<div class=\"elementor-widget-wrap elementor-element-populated\">\n\t\t\t\t\t\t\t\t<div class=\"elementor-element elementor-element-afdf0d9 elementor-widget elementor-widget-spacer\" data-id=\"afdf0d9\" data-element_type=\"widget\" data-widget_type=\"spacer.default\">\n\t\t\t\t<div class=\"elementor-widget-container\">\n\t\t\t\t\t<div class=\"elementor-spacer\">\n\t\t\t<div class=\"elementor-spacer-inner\"><\/div>\n\t\t<\/div>\n\t\t\t\t<\/div>\n\t\t\t\t<\/div>\n\t\t\t\t\t<\/div>\n\t\t<\/div>\n\t\t\t\t\t\t\t<\/div>\n\t\t<\/section>\n\t\t\t\t<section class=\"elementor-section elementor-top-section elementor-element elementor-element-a7122f3 elementor-section-boxed elementor-section-height-default elementor-section-height-default\" data-id=\"a7122f3\" data-element_type=\"section\">\n\t\t\t\t\t\t<div class=\"elementor-container elementor-column-gap-default\">\n\t\t\t\t\t<div class=\"elementor-column elementor-col-100 elementor-top-column elementor-element elementor-element-0e586c2\" data-id=\"0e586c2\" data-element_type=\"column\">\n\t\t\t<div class=\"elementor-widget-wrap elementor-element-populated\">\n\t\t\t\t\t\t\t\t<div class=\"elementor-element elementor-element-e6c2869 elementor-widget elementor-widget-menu-anchor\" data-id=\"e6c2869\" data-element_type=\"widget\" data-widget_type=\"menu-anchor.default\">\n\t\t\t\t<div class=\"elementor-widget-container\">\n\t\t\t\t\t<div id=\"offshore\" class=\"elementor-menu-anchor\"><\/div>\n\t\t\t\t<\/div>\n\t\t\t\t<\/div>\n\t\t\t\t\t<\/div>\n\t\t<\/div>\n\t\t\t\t\t\t\t<\/div>\n\t\t<\/section>\n\t\t\t\t<section class=\"elementor-section elementor-top-section elementor-element elementor-element-51fd6aa elementor-section-boxed elementor-section-height-default elementor-section-height-default\" data-id=\"51fd6aa\" data-element_type=\"section\">\n\t\t\t\t\t\t<div class=\"elementor-container elementor-column-gap-default\">\n\t\t\t\t\t<div class=\"elementor-column elementor-col-100 elementor-top-column elementor-element elementor-element-61ca683\" data-id=\"61ca683\" data-element_type=\"column\">\n\t\t\t<div class=\"elementor-widget-wrap elementor-element-populated\">\n\t\t\t\t\t\t\t\t<div class=\"elementor-element elementor-element-5c9efa6 elementor-widget elementor-widget-heading\" data-id=\"5c9efa6\" data-element_type=\"widget\" data-widget_type=\"heading.default\">\n\t\t\t\t<div class=\"elementor-widget-container\">\n\t\t\t<h2 class=\"elementor-heading-title elementor-size-default\">Oil & Gas en instalaciones Offshore y Onshore.<\/h2>\t\t<\/div>\n\t\t\t\t<\/div>\n\t\t\t\t<div class=\"elementor-element elementor-element-26a2a02 elementor-arrows-position-inside elementor-pagination-position-outside elementor-widget elementor-widget-image-carousel\" data-id=\"26a2a02\" data-element_type=\"widget\" data-settings=\"{&quot;slides_to_show&quot;:&quot;1&quot;,&quot;navigation&quot;:&quot;both&quot;,&quot;autoplay&quot;:&quot;yes&quot;,&quot;pause_on_hover&quot;:&quot;yes&quot;,&quot;pause_on_interaction&quot;:&quot;yes&quot;,&quot;autoplay_speed&quot;:5000,&quot;infinite&quot;:&quot;yes&quot;,&quot;effect&quot;:&quot;slide&quot;,&quot;speed&quot;:500}\" data-widget_type=\"image-carousel.default\">\n\t\t\t\t<div class=\"elementor-widget-container\">\n\t\t\t\t\t<div class=\"elementor-image-carousel-wrapper swiper-container\" dir=\"ltr\">\n\t\t\t<div class=\"elementor-image-carousel swiper-wrapper swiper-image-stretch\">\n\t\t\t\t<div class=\"swiper-slide\"><figure class=\"swiper-slide-inner\"><img decoding=\"async\" class=\"swiper-slide-image\" src=\"https:\/\/www.pragmar.net\/sand-blast-y-pintura\/wp-content\/uploads\/2021\/07\/aplicaciones-de-sandblast-pragmar1.jpg\" alt=\"Aplicaciones de Sand Blast\" \/><\/figure><\/div><div class=\"swiper-slide\"><figure class=\"swiper-slide-inner\"><img decoding=\"async\" class=\"swiper-slide-image\" src=\"https:\/\/www.pragmar.net\/sand-blast-y-pintura\/wp-content\/uploads\/2021\/07\/aplicaciones-de-sandblast-pragmar2.jpg\" alt=\"Aplicaciones-de-sandblast\" \/><\/figure><\/div><div class=\"swiper-slide\"><figure class=\"swiper-slide-inner\"><img decoding=\"async\" class=\"swiper-slide-image\" src=\"https:\/\/www.pragmar.net\/sand-blast-y-pintura\/wp-content\/uploads\/2021\/07\/aplicaciones-de-sandblast-pragmar3.jpg\" alt=\"Oil &amp; Gas en instalaciones Offshore y Onshore.\" \/><\/figure><\/div>\t\t\t<\/div>\n\t\t\t\t\t\t\t\t\t\t\t\t<div class=\"swiper-pagination\"><\/div>\n\t\t\t\t\t\t\t\t\t\t\t\t\t<div class=\"elementor-swiper-button elementor-swiper-button-prev\">\n\t\t\t\t\t\t<i class=\"eicon-chevron-left\" aria-hidden=\"true\"><\/i>\n\t\t\t\t\t\t<span class=\"elementor-screen-only\">Previo<\/span>\n\t\t\t\t\t<\/div>\n\t\t\t\t\t<div class=\"elementor-swiper-button elementor-swiper-button-next\">\n\t\t\t\t\t\t<i class=\"eicon-chevron-right\" aria-hidden=\"true\"><\/i>\n\t\t\t\t\t\t<span class=\"elementor-screen-only\">Siguiente<\/span>\n\t\t\t\t\t<\/div>\n\t\t\t\t\t\t\t\t\t<\/div>\n\t\t\t\t<\/div>\n\t\t\t\t<\/div>\n\t\t\t\t\t<\/div>\n\t\t<\/div>\n\t\t\t\t\t\t\t<\/div>\n\t\t<\/section>\n\t\t\t\t<section class=\"elementor-section elementor-top-section elementor-element elementor-element-8075b01 elementor-section-boxed elementor-section-height-default elementor-section-height-default\" data-id=\"8075b01\" data-element_type=\"section\">\n\t\t\t\t\t\t<div class=\"elementor-container elementor-column-gap-default\">\n\t\t\t\t\t<div class=\"elementor-column elementor-col-100 elementor-top-column elementor-element elementor-element-801a8d8\" data-id=\"801a8d8\" data-element_type=\"column\">\n\t\t\t<div class=\"elementor-widget-wrap elementor-element-populated\">\n\t\t\t\t\t\t\t\t<div class=\"elementor-element elementor-element-b925957 elementor-widget elementor-widget-menu-anchor\" data-id=\"b925957\" data-element_type=\"widget\" data-widget_type=\"menu-anchor.default\">\n\t\t\t\t<div class=\"elementor-widget-container\">\n\t\t\t\t\t<div id=\"construccion\" class=\"elementor-menu-anchor\"><\/div>\n\t\t\t\t<\/div>\n\t\t\t\t<\/div>\n\t\t\t\t\t<\/div>\n\t\t<\/div>\n\t\t\t\t\t\t\t<\/div>\n\t\t<\/section>\n\t\t\t\t<section class=\"elementor-section elementor-top-section elementor-element elementor-element-008616f elementor-section-boxed elementor-section-height-default elementor-section-height-default\" data-id=\"008616f\" data-element_type=\"section\">\n\t\t\t\t\t\t<div class=\"elementor-container elementor-column-gap-default\">\n\t\t\t\t\t<div class=\"elementor-column elementor-col-50 elementor-top-column elementor-element elementor-element-2a344e3\" data-id=\"2a344e3\" data-element_type=\"column\">\n\t\t\t<div class=\"elementor-widget-wrap elementor-element-populated\">\n\t\t\t\t\t\t\t\t<div class=\"elementor-element elementor-element-39eb7e1 elementor-widget elementor-widget-heading\" data-id=\"39eb7e1\" data-element_type=\"widget\" data-widget_type=\"heading.default\">\n\t\t\t\t<div class=\"elementor-widget-container\">\n\t\t\t<h2 class=\"elementor-heading-title elementor-size-default\">Industria Energ\u00e9tica<\/h2>\t\t<\/div>\n\t\t\t\t<\/div>\n\t\t\t\t\t<\/div>\n\t\t<\/div>\n\t\t\t\t<div class=\"elementor-column elementor-col-50 elementor-top-column elementor-element elementor-element-1f78d46\" data-id=\"1f78d46\" data-element_type=\"column\">\n\t\t\t<div class=\"elementor-widget-wrap elementor-element-populated\">\n\t\t\t\t\t\t\t\t<div class=\"elementor-element elementor-element-606a1d7 elementor-widget elementor-widget-heading\" data-id=\"606a1d7\" data-element_type=\"widget\" data-widget_type=\"heading.default\">\n\t\t\t\t<div class=\"elementor-widget-container\">\n\t\t\t<h2 class=\"elementor-heading-title elementor-size-default\">Construcci\u00f3n<\/h2>\t\t<\/div>\n\t\t\t\t<\/div>\n\t\t\t\t\t<\/div>\n\t\t<\/div>\n\t\t\t\t\t\t\t<\/div>\n\t\t<\/section>\n\t\t\t\t<section class=\"elementor-section elementor-top-section elementor-element elementor-element-3112803 elementor-section-boxed elementor-section-height-default elementor-section-height-default\" data-id=\"3112803\" data-element_type=\"section\">\n\t\t\t\t\t\t<div class=\"elementor-container elementor-column-gap-default\">\n\t\t\t\t\t<div class=\"elementor-column elementor-col-50 elementor-top-column elementor-element elementor-element-08f1e0d\" data-id=\"08f1e0d\" data-element_type=\"column\">\n\t\t\t<div class=\"elementor-widget-wrap elementor-element-populated\">\n\t\t\t\t\t\t\t\t<div class=\"elementor-element elementor-element-a59d534 elementor-widget elementor-widget-image\" data-id=\"a59d534\" data-element_type=\"widget\" data-widget_type=\"image.default\">\n\t\t\t\t<div class=\"elementor-widget-container\">\n\t\t\t\t\t\t\t\t\t\t\t\t\t\t\t<img loading=\"lazy\" decoding=\"async\" width=\"477\" height=\"299\" src=\"https:\/\/www.pragmar.net\/sand-blast-y-pintura\/wp-content\/uploads\/2021\/07\/sandblast-industrial.jpg\" class=\"attachment-large size-large\" alt=\"Sand Blast Industrial\" srcset=\"https:\/\/www.pragmar.net\/sand-blast-y-pintura\/wp-content\/uploads\/2021\/07\/sandblast-industrial.jpg 477w, https:\/\/www.pragmar.net\/sand-blast-y-pintura\/wp-content\/uploads\/2021\/07\/sandblast-industrial-300x188.jpg 300w\" sizes=\"auto, (max-width: 477px) 100vw, 477px\" \/>\t\t\t\t\t\t\t\t\t\t\t\t\t\t\t<\/div>\n\t\t\t\t<\/div>\n\t\t\t\t\t<\/div>\n\t\t<\/div>\n\t\t\t\t<div class=\"elementor-column elementor-col-50 elementor-top-column elementor-element elementor-element-0c963c6\" data-id=\"0c963c6\" data-element_type=\"column\">\n\t\t\t<div class=\"elementor-widget-wrap elementor-element-populated\">\n\t\t\t\t\t\t\t\t<div class=\"elementor-element elementor-element-c8ad8ee elementor-widget elementor-widget-image\" data-id=\"c8ad8ee\" data-element_type=\"widget\" data-widget_type=\"image.default\">\n\t\t\t\t<div class=\"elementor-widget-container\">\n\t\t\t\t\t\t\t\t\t\t\t\t\t\t\t<img loading=\"lazy\" decoding=\"async\" width=\"463\" height=\"299\" src=\"https:\/\/www.pragmar.net\/sand-blast-y-pintura\/wp-content\/uploads\/2021\/07\/sandblast-industrial-servicios-pragmar.jpg\" class=\"attachment-large size-large\" alt=\"\" srcset=\"https:\/\/www.pragmar.net\/sand-blast-y-pintura\/wp-content\/uploads\/2021\/07\/sandblast-industrial-servicios-pragmar.jpg 463w, https:\/\/www.pragmar.net\/sand-blast-y-pintura\/wp-content\/uploads\/2021\/07\/sandblast-industrial-servicios-pragmar-300x194.jpg 300w\" sizes=\"auto, (max-width: 463px) 100vw, 463px\" \/>\t\t\t\t\t\t\t\t\t\t\t\t\t\t\t<\/div>\n\t\t\t\t<\/div>\n\t\t\t\t\t<\/div>\n\t\t<\/div>\n\t\t\t\t\t\t\t<\/div>\n\t\t<\/section>\n\t\t\t\t<section class=\"elementor-section elementor-top-section elementor-element elementor-element-4fd61f4 elementor-section-boxed elementor-section-height-default elementor-section-height-default\" data-id=\"4fd61f4\" data-element_type=\"section\">\n\t\t\t\t\t\t<div class=\"elementor-container elementor-column-gap-default\">\n\t\t\t\t\t<div class=\"elementor-column elementor-col-100 elementor-top-column elementor-element elementor-element-88c0972\" data-id=\"88c0972\" data-element_type=\"column\">\n\t\t\t<div class=\"elementor-widget-wrap elementor-element-populated\">\n\t\t\t\t\t\t\t\t<div class=\"elementor-element elementor-element-179957a elementor-widget elementor-widget-menu-anchor\" data-id=\"179957a\" data-element_type=\"widget\" data-widget_type=\"menu-anchor.default\">\n\t\t\t\t<div class=\"elementor-widget-container\">\n\t\t\t\t\t<div id=\"maquinaria\" class=\"elementor-menu-anchor\"><\/div>\n\t\t\t\t<\/div>\n\t\t\t\t<\/div>\n\t\t\t\t\t<\/div>\n\t\t<\/div>\n\t\t\t\t\t\t\t<\/div>\n\t\t<\/section>\n\t\t\t\t<section class=\"elementor-section elementor-top-section elementor-element elementor-element-bb47307 elementor-section-boxed elementor-section-height-default elementor-section-height-default\" data-id=\"bb47307\" data-element_type=\"section\">\n\t\t\t\t\t\t<div class=\"elementor-container elementor-column-gap-default\">\n\t\t\t\t\t<div class=\"elementor-column elementor-col-100 elementor-top-column elementor-element elementor-element-5330f4a\" data-id=\"5330f4a\" data-element_type=\"column\">\n\t\t\t<div class=\"elementor-widget-wrap elementor-element-populated\">\n\t\t\t\t\t\t\t\t<div class=\"elementor-element elementor-element-1954630 elementor-widget elementor-widget-heading\" data-id=\"1954630\" data-element_type=\"widget\" data-widget_type=\"heading.default\">\n\t\t\t\t<div class=\"elementor-widget-container\">\n\t\t\t<h2 class=\"elementor-heading-title elementor-size-default\">Maquinaria y equipos<\/h2>\t\t<\/div>\n\t\t\t\t<\/div>\n\t\t\t\t\t<\/div>\n\t\t<\/div>\n\t\t\t\t\t\t\t<\/div>\n\t\t<\/section>\n\t\t\t\t<section class=\"elementor-section elementor-top-section elementor-element elementor-element-b604477 elementor-section-boxed elementor-section-height-default elementor-section-height-default\" data-id=\"b604477\" data-element_type=\"section\">\n\t\t\t\t\t\t<div class=\"elementor-container elementor-column-gap-default\">\n\t\t\t\t\t<div class=\"elementor-column elementor-col-50 elementor-top-column elementor-element elementor-element-3abefa7\" data-id=\"3abefa7\" data-element_type=\"column\">\n\t\t\t<div class=\"elementor-widget-wrap elementor-element-populated\">\n\t\t\t\t\t\t\t\t<div class=\"elementor-element elementor-element-f17a858 elementor-widget elementor-widget-image\" data-id=\"f17a858\" data-element_type=\"widget\" data-widget_type=\"image.default\">\n\t\t\t\t<div class=\"elementor-widget-container\">\n\t\t\t\t\t\t\t\t\t\t\t\t\t\t\t<img loading=\"lazy\" decoding=\"async\" width=\"467\" height=\"299\" src=\"https:\/\/www.pragmar.net\/sand-blast-y-pintura\/wp-content\/uploads\/2021\/07\/servicios-de-sand-blast-en-maquinaria.jpg\" class=\"attachment-large size-large\" alt=\"servicios de sand blast en maquinaria y equipo\" srcset=\"https:\/\/www.pragmar.net\/sand-blast-y-pintura\/wp-content\/uploads\/2021\/07\/servicios-de-sand-blast-en-maquinaria.jpg 467w, https:\/\/www.pragmar.net\/sand-blast-y-pintura\/wp-content\/uploads\/2021\/07\/servicios-de-sand-blast-en-maquinaria-300x192.jpg 300w\" sizes=\"auto, (max-width: 467px) 100vw, 467px\" \/>\t\t\t\t\t\t\t\t\t\t\t\t\t\t\t<\/div>\n\t\t\t\t<\/div>\n\t\t\t\t\t<\/div>\n\t\t<\/div>\n\t\t\t\t<div class=\"elementor-column elementor-col-50 elementor-top-column elementor-element elementor-element-be77386\" data-id=\"be77386\" data-element_type=\"column\">\n\t\t\t<div class=\"elementor-widget-wrap elementor-element-populated\">\n\t\t\t\t\t\t\t\t<div class=\"elementor-element elementor-element-020ca7e elementor-widget__width-inherit elementor-widget elementor-widget-image\" data-id=\"020ca7e\" data-element_type=\"widget\" data-widget_type=\"image.default\">\n\t\t\t\t<div class=\"elementor-widget-container\">\n\t\t\t\t\t\t\t\t\t\t\t\t\t\t\t<img loading=\"lazy\" decoding=\"async\" width=\"463\" height=\"453\" src=\"https:\/\/www.pragmar.net\/sand-blast-y-pintura\/wp-content\/uploads\/2021\/07\/servicios-de-sand-blast-en-equipos.jpg\" class=\"attachment-full size-full\" alt=\"servicios-de-sand-blast-en-equipos\" srcset=\"https:\/\/www.pragmar.net\/sand-blast-y-pintura\/wp-content\/uploads\/2021\/07\/servicios-de-sand-blast-en-equipos.jpg 463w, https:\/\/www.pragmar.net\/sand-blast-y-pintura\/wp-content\/uploads\/2021\/07\/servicios-de-sand-blast-en-equipos-300x294.jpg 300w\" sizes=\"auto, (max-width: 463px) 100vw, 463px\" \/>\t\t\t\t\t\t\t\t\t\t\t\t\t\t\t<\/div>\n\t\t\t\t<\/div>\n\t\t\t\t\t<\/div>\n\t\t<\/div>\n\t\t\t\t\t\t\t<\/div>\n\t\t<\/section>\n\t\t\t\t<section class=\"elementor-section elementor-top-section elementor-element elementor-element-6d97b52 elementor-section-boxed elementor-section-height-default elementor-section-height-default\" data-id=\"6d97b52\" data-element_type=\"section\">\n\t\t\t\t\t\t<div class=\"elementor-container elementor-column-gap-default\">\n\t\t\t\t\t<div class=\"elementor-column elementor-col-100 elementor-top-column elementor-element elementor-element-c6b0613\" data-id=\"c6b0613\" data-element_type=\"column\">\n\t\t\t<div class=\"elementor-widget-wrap elementor-element-populated\">\n\t\t\t\t\t\t\t\t<div class=\"elementor-element elementor-element-c6b3424 elementor-widget elementor-widget-menu-anchor\" data-id=\"c6b3424\" data-element_type=\"widget\" data-widget_type=\"menu-anchor.default\">\n\t\t\t\t<div class=\"elementor-widget-container\">\n\t\t\t\t\t<div id=\"tuberias\" class=\"elementor-menu-anchor\"><\/div>\n\t\t\t\t<\/div>\n\t\t\t\t<\/div>\n\t\t\t\t\t<\/div>\n\t\t<\/div>\n\t\t\t\t\t\t\t<\/div>\n\t\t<\/section>\n\t\t\t\t<section class=\"elementor-section elementor-top-section elementor-element elementor-element-cfefd8a elementor-section-boxed elementor-section-height-default elementor-section-height-default\" data-id=\"cfefd8a\" data-element_type=\"section\">\n\t\t\t\t\t\t<div class=\"elementor-container elementor-column-gap-default\">\n\t\t\t\t\t<div class=\"elementor-column elementor-col-100 elementor-top-column elementor-element elementor-element-311ca5d\" data-id=\"311ca5d\" data-element_type=\"column\">\n\t\t\t<div class=\"elementor-widget-wrap elementor-element-populated\">\n\t\t\t\t\t\t\t\t<div class=\"elementor-element elementor-element-211d891 elementor-widget elementor-widget-heading\" data-id=\"211d891\" data-element_type=\"widget\" data-widget_type=\"heading.default\">\n\t\t\t\t<div class=\"elementor-widget-container\">\n\t\t\t<h2 class=\"elementor-heading-title elementor-size-default\">Tuber\u00edas y Estructuras<\/h2>\t\t<\/div>\n\t\t\t\t<\/div>\n\t\t\t\t\t<\/div>\n\t\t<\/div>\n\t\t\t\t\t\t\t<\/div>\n\t\t<\/section>\n\t\t\t\t<section class=\"elementor-section elementor-top-section elementor-element elementor-element-ebf9ddb elementor-section-boxed elementor-section-height-default elementor-section-height-default\" data-id=\"ebf9ddb\" data-element_type=\"section\">\n\t\t\t\t\t\t<div class=\"elementor-container elementor-column-gap-default\">\n\t\t\t\t\t<div class=\"elementor-column elementor-col-50 elementor-top-column elementor-element elementor-element-b1818d7\" data-id=\"b1818d7\" data-element_type=\"column\">\n\t\t\t<div class=\"elementor-widget-wrap elementor-element-populated\">\n\t\t\t\t\t\t\t\t<div class=\"elementor-element elementor-element-c4b225d elementor-widget__width-inherit elementor-widget elementor-widget-wb-before-after-image-slider-elementor\" data-id=\"c4b225d\" data-element_type=\"widget\" data-widget_type=\"wb-before-after-image-slider-elementor.default\">\n\t\t\t\t<div class=\"elementor-widget-container\">\n\t\t\t\t\t<div class=\"wb_ebais_twentytwenty_container twentytwenty-container\" id=\"wb_before_after_c4b225d\">\r\n\t\t\t<span class='before_text'>Before<\/span>\r\n\t\t\t<span class='after_text'>After<\/span>\r\n<img loading=\"lazy\" decoding=\"async\" width=\"561\" height=\"299\" src=\"https:\/\/www.pragmar.net\/sand-blast-y-pintura\/wp-content\/uploads\/2021\/07\/sand-blast-y-pintura-precio.jpg\" class=\"attachment-full size-full\" alt=\"sand-blast-y-pintura-Before\" srcset=\"https:\/\/www.pragmar.net\/sand-blast-y-pintura\/wp-content\/uploads\/2021\/07\/sand-blast-y-pintura-precio.jpg 561w, https:\/\/www.pragmar.net\/sand-blast-y-pintura\/wp-content\/uploads\/2021\/07\/sand-blast-y-pintura-precio-300x160.jpg 300w\" sizes=\"auto, (max-width: 561px) 100vw, 561px\" \/><img loading=\"lazy\" decoding=\"async\" width=\"552\" height=\"299\" src=\"https:\/\/www.pragmar.net\/sand-blast-y-pintura\/wp-content\/uploads\/2021\/07\/sand-blast-y-pintura-precio2.jpg\" class=\"attachment-full size-full\" alt=\"\" srcset=\"https:\/\/www.pragmar.net\/sand-blast-y-pintura\/wp-content\/uploads\/2021\/07\/sand-blast-y-pintura-precio2.jpg 552w, https:\/\/www.pragmar.net\/sand-blast-y-pintura\/wp-content\/uploads\/2021\/07\/sand-blast-y-pintura-precio2-300x163.jpg 300w\" sizes=\"auto, (max-width: 552px) 100vw, 552px\" \/>\t\t<\/div>\r\n\t\t<style>\r\n\t\t\t#wb_before_after_c4b225d{\r\n\t\t\t\tmax-width: auto;\r\n\t\t\t}\r\n\t\t<\/style>\r\n\t\t<\/div>\n\t\t\t\t<\/div>\n\t\t\t\t\t<\/div>\n\t\t<\/div>\n\t\t\t\t<div class=\"elementor-column elementor-col-50 elementor-top-column elementor-element elementor-element-2b50dee\" data-id=\"2b50dee\" data-element_type=\"column\">\n\t\t\t<div class=\"elementor-widget-wrap elementor-element-populated\">\n\t\t\t\t\t\t\t\t<div class=\"elementor-element elementor-element-dc24e31 elementor-widget elementor-widget-image\" data-id=\"dc24e31\" data-element_type=\"widget\" data-widget_type=\"image.default\">\n\t\t\t\t<div class=\"elementor-widget-container\">\n\t\t\t\t\t\t\t\t\t\t\t\t\t\t\t<img loading=\"lazy\" decoding=\"async\" width=\"373\" height=\"299\" src=\"https:\/\/www.pragmar.net\/sand-blast-y-pintura\/wp-content\/uploads\/2021\/07\/sand-blast-y-pintura-tampico.jpg\" class=\"attachment-full size-full\" alt=\"sand-blast-y-pintura-tampico\" srcset=\"https:\/\/www.pragmar.net\/sand-blast-y-pintura\/wp-content\/uploads\/2021\/07\/sand-blast-y-pintura-tampico.jpg 373w, https:\/\/www.pragmar.net\/sand-blast-y-pintura\/wp-content\/uploads\/2021\/07\/sand-blast-y-pintura-tampico-300x240.jpg 300w\" sizes=\"auto, (max-width: 373px) 100vw, 373px\" \/>\t\t\t\t\t\t\t\t\t\t\t\t\t\t\t<\/div>\n\t\t\t\t<\/div>\n\t\t\t\t\t<\/div>\n\t\t<\/div>\n\t\t\t\t\t\t\t<\/div>\n\t\t<\/section>\n\t\t\t\t<section class=\"elementor-section elementor-top-section elementor-element elementor-element-1a8abb3 elementor-section-boxed elementor-section-height-default elementor-section-height-default\" data-id=\"1a8abb3\" data-element_type=\"section\">\n\t\t\t\t\t\t<div class=\"elementor-container elementor-column-gap-default\">\n\t\t\t\t\t<div class=\"elementor-column elementor-col-100 elementor-top-column elementor-element elementor-element-6c2a592\" data-id=\"6c2a592\" data-element_type=\"column\">\n\t\t\t<div class=\"elementor-widget-wrap elementor-element-populated\">\n\t\t\t\t\t\t\t\t<div class=\"elementor-element elementor-element-b0dbdf8 elementor-widget elementor-widget-image\" data-id=\"b0dbdf8\" data-element_type=\"widget\" data-widget_type=\"image.default\">\n\t\t\t\t<div class=\"elementor-widget-container\">\n\t\t\t\t\t\t\t\t\t\t\t\t\t\t\t<img loading=\"lazy\" decoding=\"async\" width=\"334\" height=\"450\" src=\"https:\/\/www.pragmar.net\/sand-blast-y-pintura\/wp-content\/uploads\/2021\/07\/sand-blast-industrial-precio.jpg\" class=\"attachment-large size-large\" alt=\"sand-blast-industrial-precio\" srcset=\"https:\/\/www.pragmar.net\/sand-blast-y-pintura\/wp-content\/uploads\/2021\/07\/sand-blast-industrial-precio.jpg 334w, https:\/\/www.pragmar.net\/sand-blast-y-pintura\/wp-content\/uploads\/2021\/07\/sand-blast-industrial-precio-223x300.jpg 223w\" sizes=\"auto, (max-width: 334px) 100vw, 334px\" \/>\t\t\t\t\t\t\t\t\t\t\t\t\t\t\t<\/div>\n\t\t\t\t<\/div>\n\t\t\t\t\t<\/div>\n\t\t<\/div>\n\t\t\t\t\t\t\t<\/div>\n\t\t<\/section>\n\t\t\t\t\t\t<\/div>\n\t\t\t\t\t<\/div>\n\t\t","protected":false},"excerpt":{"rendered":"<p>Oil &#038; Gas en instalaciones Offshore y Onshore. Previo Siguiente Industria Energ\u00e9tica Construcci\u00f3n Maquinaria y equipos Tuber\u00edas y Estructuras Before After<\/p>\n","protected":false},"author":1,"featured_media":0,"parent":0,"menu_order":0,"comment_status":"closed","ping_status":"closed","template":"elementor_header_footer","meta":{"footnotes":""},"class_list":["post-1273","page","type-page","status-publish","hentry"],"_links":{"self":[{"href":"https:\/\/www.pragmar.net\/sand-blast-y-pintura\/wp-json\/wp\/v2\/pages\/1273","targetHints":{"allow":["GET"]}}],"collection":[{"href":"https:\/\/www.pragmar.net\/sand-blast-y-pintura\/wp-json\/wp\/v2\/pages"}],"about":[{"href":"https:\/\/www.pragmar.net\/sand-blast-y-pintura\/wp-json\/wp\/v2\/types\/page"}],"author":[{"embeddable":true,"href":"https:\/\/www.pragmar.net\/sand-blast-y-pintura\/wp-json\/wp\/v2\/users\/1"}],"replies":[{"embeddable":true,"href":"https:\/\/www.pragmar.net\/sand-blast-y-pintura\/wp-json\/wp\/v2\/comments?post=1273"}],"version-history":[{"count":62,"href":"https:\/\/www.pragmar.net\/sand-blast-y-pintura\/wp-json\/wp\/v2\/pages\/1273\/revisions"}],"predecessor-version":[{"id":1558,"href":"https:\/\/www.pragmar.net\/sand-blast-y-pintura\/wp-json\/wp\/v2\/pages\/1273\/revisions\/1558"}],"wp:attachment":[{"href":"https:\/\/www.pragmar.net\/sand-blast-y-pintura\/wp-json\/wp\/v2\/media?parent=1273"}],"curies":[{"name":"wp","href":"https:\/\/api.w.org\/{rel}","templated":true}]}}