{"id":3,"date":"2021-07-15T03:28:34","date_gmt":"2021-07-15T03:28:34","guid":{"rendered":"https:\/\/www.pragmar.net\/sand-blast-y-pintura\/?page_id=3"},"modified":"2021-07-16T03:44:43","modified_gmt":"2021-07-16T03:44:43","slug":"politica-de-privacidad","status":"publish","type":"page","link":"https:\/\/www.pragmar.net\/sand-blast-y-pintura\/politica-de-privacidad\/","title":{"rendered":"Pol\u00edtica de Privacidad"},"content":{"rendered":"\t\t<div data-elementor-type=\"wp-page\" data-elementor-id=\"3\" class=\"elementor elementor-3\" data-elementor-settings=\"[]\">\n\t\t\t\t\t\t\t<div class=\"elementor-section-wrap\">\n\t\t\t\t\t\t\t<section class=\"elementor-section elementor-top-section elementor-element elementor-element-f58722e elementor-section-boxed elementor-section-height-default elementor-section-height-default\" data-id=\"f58722e\" data-element_type=\"section\">\n\t\t\t\t\t\t<div class=\"elementor-container elementor-column-gap-default\">\n\t\t\t\t\t<div class=\"elementor-column elementor-col-100 elementor-top-column elementor-element elementor-element-6a36b126\" data-id=\"6a36b126\" data-element_type=\"column\">\n\t\t\t<div class=\"elementor-widget-wrap elementor-element-populated\">\n\t\t\t\t\t\t\t\t<div class=\"elementor-element elementor-element-1e30c800 elementor-widget elementor-widget-text-editor\" data-id=\"1e30c800\" data-element_type=\"widget\" data-widget_type=\"text-editor.default\">\n\t\t\t\t<div class=\"elementor-widget-container\">\n\t\t\t\t\t\t\t\t<p>En el presente documento se informan las pol\u00edticas de privacidad que utiliza Pragmar Distributors S.A. de C.V. en materia de recopilaci\u00f3n, uso y divulgaci\u00f3n de datos personales al momento de utilizar los servicios presentes en este sitio web y de las opciones que dispone en relaci\u00f3n a esos datos.<\/p><p><strong>Estamos comprometidos con la seguridad de nuestros usuarios.<\/strong> Al utilizar nuestros servicios, usted acepta la recopilaci\u00f3n y uso de informaci\u00f3n seg\u00fan lo establecido en este aviso de privacidad. Sin embargo, este documento puede cambiar con el tiempo o ser actualizado por lo que se recomienda su revisi\u00f3n peri\u00f3dica para estar informado de dichos cambios.<\/p><h3>INFORMACI\u00d3N RECOPILADA<\/h3><ol><li><strong>a) Datos Personales<\/strong><\/li><\/ol><p>Al utilizar nuestros servicios, es posible que le pidamos que nos proporcione informaci\u00f3n personal como: nombre, informaci\u00f3n de contacto, direcci\u00f3n, entre otros.<\/p><ol><li><strong>b) Datos de uso<\/strong><\/li><\/ol><p>Tambi\u00e9n recopilamos informaci\u00f3n sobre la forma en que accede y utiliza nuestro sitio web. Esta informaci\u00f3n puede incluir datos como direcci\u00f3n del protocolo de internet de su ordenador, tipo de navegador, versi\u00f3n del navegador, tipo de dispositivo, p\u00e1ginas visitadas, datos demogr\u00e1ficos, hora y duraci\u00f3n de la visita.<\/p><ol><li><strong>c) Cookies<\/strong><\/li><\/ol><p>Utilizamos cookies y tecnolog\u00edas de almacenamiento similares para rastrear el uso de nuestros servicios y mantener la determinada informaci\u00f3n.<\/p><p>Las cookies son archivos con una limitada cantidad de datos que se descargan una vez que usted accede a nuestros servicios, y se alojan en su dispositivo. Estas nos permiten analizar nuestros servicios para hacer mejoras y agregar nuevo contenido.<\/p><h3>USO DE DATOS<\/h3><p>La informaci\u00f3n recopilada en https:\/\/bioinnova.mx tiene como objetivo:<\/p><ol><li>a) Realizar un seguimiento de nuestros usuarios y su actividad.<\/li><li>b) Analizar la actividad en nuestro sitio web.<\/li><li>c) Mejorar nuestros servicios.<\/li><li>d) Controlar el uso de nuestra p\u00e1gina web.<\/li><li>e) Notificar de nuestros cambios y\/o actualizaciones.<\/li><li>f) Permitirle participar en funciones interactivas en nuestro sitio web cuando desee hacerlo.<\/li><li>g) Prestar asistencia a nuestros usuarios.<\/li><\/ol><h3>ENLACES A OTROS SITIOS<\/h3><p>En nuestro sitio web puede encontrar enlaces a otras p\u00e1ginas no operadas por nosotros. No nos hacemos responsables por el contenido, pol\u00edticas o uso de datos de sitios o servicios de terceros.<\/p><p>Se recomienda que revisar la pol\u00edtica de privacidad de cualquier sitio web antes de hacer uso de este.<\/p><h3>SEGURIDAD DE LOS DATOS<\/h3><p>Su seguridad es importante para nosotros, es por ello que utilizamos los mejores medios para proteger los datos utilizados en nuestro sitio web, sin embargo, le recordamos que no existe ning\u00fan medio de transmisi\u00f3n de datos o almacenamiento de los mismo que sea 100% seguro.<\/p><p>Los datos obtenidos en este sitio web no se vender\u00e1n, distribuir\u00e1n, ni ceder\u00e1n a terceros sin su consentimiento, salvo que sea requerido por un juez con una orden judicial.<\/p><h3>CAMBIOS EN ESTA POL\u00cdTICA DE PRIVACIDAD<\/h3><p>Pragmar se reserva el derecho a hacer cambios en los t\u00e9rminos de su aviso de privacidad. Los cambios realizados, ser\u00e1n notificados a trav\u00e9s de nuestro sitio web. Recomendamos visitar nuestras pol\u00edticas peri\u00f3dicamente para estar al tanto de las nuevas actualizaciones.<\/p><h3>CONTACTO<\/h3><p>Si tiene alguna pregunta sobre este documento o alguno de nuestros servicios, no dude en contactarnos al mario.gomez@pragmar.net<\/p>\t\t\t\t\t\t<\/div>\n\t\t\t\t<\/div>\n\t\t\t\t\t<\/div>\n\t\t<\/div>\n\t\t\t\t\t\t\t<\/div>\n\t\t<\/section>\n\t\t\t\t\t\t<\/div>\n\t\t\t\t\t<\/div>\n\t\t","protected":false},"excerpt":{"rendered":"<p>En el presente documento se informan las pol\u00edticas de privacidad que utiliza Pragmar Distributors S.A. de C.V. en materia de recopilaci\u00f3n, uso y divulgaci\u00f3n de datos personales al momento de utilizar los servicios presentes en este sitio web y de las opciones que dispone en relaci\u00f3n a esos datos. Estamos comprometidos con la seguridad de [&hellip;]<\/p>\n","protected":false},"author":1,"featured_media":0,"parent":0,"menu_order":0,"comment_status":"closed","ping_status":"closed","template":"elementor_header_footer","meta":{"footnotes":""},"class_list":["post-3","page","type-page","status-publish","hentry"],"_links":{"self":[{"href":"https:\/\/www.pragmar.net\/sand-blast-y-pintura\/wp-json\/wp\/v2\/pages\/3","targetHints":{"allow":["GET"]}}],"collection":[{"href":"https:\/\/www.pragmar.net\/sand-blast-y-pintura\/wp-json\/wp\/v2\/pages"}],"about":[{"href":"https:\/\/www.pragmar.net\/sand-blast-y-pintura\/wp-json\/wp\/v2\/types\/page"}],"author":[{"embeddable":true,"href":"https:\/\/www.pragmar.net\/sand-blast-y-pintura\/wp-json\/wp\/v2\/users\/1"}],"replies":[{"embeddable":true,"href":"https:\/\/www.pragmar.net\/sand-blast-y-pintura\/wp-json\/wp\/v2\/comments?post=3"}],"version-history":[{"count":7,"href":"https:\/\/www.pragmar.net\/sand-blast-y-pintura\/wp-json\/wp\/v2\/pages\/3\/revisions"}],"predecessor-version":[{"id":1113,"href":"https:\/\/www.pragmar.net\/sand-blast-y-pintura\/wp-json\/wp\/v2\/pages\/3\/revisions\/1113"}],"wp:attachment":[{"href":"https:\/\/www.pragmar.net\/sand-blast-y-pintura\/wp-json\/wp\/v2\/media?parent=3"}],"curies":[{"name":"wp","href":"https:\/\/api.w.org\/{rel}","templated":true}]}}